{"id":3018,"date":"2022-07-10T16:47:09","date_gmt":"2022-07-10T16:47:09","guid":{"rendered":"https:\/\/aronitwinscompany.com\/?post_type=product&#038;p=3018"},"modified":"2022-07-21T12:35:48","modified_gmt":"2022-07-21T12:35:48","slug":"smart-fortwo-passion-twinamic-70cv","status":"publish","type":"product","link":"https:\/\/aronitwinscompany.com\/?product=smart-fortwo-passion-twinamic-70cv","title":{"rendered":"Smart fortwo passion Twinamic 70cv"},"content":{"rendered":"<p><span style=\"font-weight: 400;\">Semplicit\u00e0 e stile, le due soluzioni ideali per chi vuole la comodit\u00e0! Super intuitive, facili da guidare e ultra Smart per trovare parcheggio anche nelle situazioni pi\u00f9 difficili, la sera e nelle spiagge affollate.<\/span><\/p>\n<p>&nbsp;<\/p>\n<p>Servizio Pick-up e Drop-off :<br \/>\n+30\u20ac in base alla disponibilit\u00e0 e KM di distanza, contattandoci.<\/p>\n","protected":false},"excerpt":{"rendered":"<p>Servizio Pick-up e Drop-off :<br \/>\n+30\u20ac in base alla disponibilit\u00e0 e KM di distanza, contattandoci.<\/p>\n","protected":false},"featured_media":3019,"template":"","meta":{"om_disable_all_campaigns":false,"_monsterinsights_skip_tracking":false,"_monsterinsights_sitenote_active":false,"_monsterinsights_sitenote_note":"","_monsterinsights_sitenote_category":0},"product_cat":[103,115],"product_tag":[],"_links":{"self":[{"href":"https:\/\/aronitwinscompany.com\/index.php?rest_route=\/wp\/v2\/product\/3018"}],"collection":[{"href":"https:\/\/aronitwinscompany.com\/index.php?rest_route=\/wp\/v2\/product"}],"about":[{"href":"https:\/\/aronitwinscompany.com\/index.php?rest_route=\/wp\/v2\/types\/product"}],"wp:featuredmedia":[{"embeddable":true,"href":"https:\/\/aronitwinscompany.com\/index.php?rest_route=\/wp\/v2\/media\/3019"}],"wp:attachment":[{"href":"https:\/\/aronitwinscompany.com\/index.php?rest_route=%2Fwp%2Fv2%2Fmedia&parent=3018"}],"wp:term":[{"taxonomy":"product_cat","embeddable":true,"href":"https:\/\/aronitwinscompany.com\/index.php?rest_route=%2Fwp%2Fv2%2Fproduct_cat&post=3018"},{"taxonomy":"product_tag","embeddable":true,"href":"https:\/\/aronitwinscompany.com\/index.php?rest_route=%2Fwp%2Fv2%2Fproduct_tag&post=3018"}],"curies":[{"name":"wp","href":"https:\/\/api.w.org\/{rel}","templated":true}]}}